{"id":109,"date":"2025-01-30T16:19:13","date_gmt":"2025-01-30T15:19:13","guid":{"rendered":"https:\/\/bod.ujep.cz\/?page_id=109"},"modified":"2026-04-29T09:08:36","modified_gmt":"2026-04-29T07:08:36","slug":"kontakt","status":"publish","type":"page","link":"https:\/\/bod.ujep.cz\/?page_id=109","title":{"rendered":"Kontakt"},"content":{"rendered":"\t\t<div data-elementor-type=\"wp-page\" data-elementor-id=\"109\" class=\"elementor elementor-109\" data-elementor-post-type=\"page\">\n\t\t\t\t\t\t<section class=\"elementor-section elementor-top-section elementor-element elementor-element-508605b elementor-section-full_width elementor-section-height-default elementor-section-height-default\" data-id=\"508605b\" data-element_type=\"section\">\n\t\t\t\t\t\t<div class=\"elementor-container elementor-column-gap-default\">\n\t\t\t\t\t<div class=\"elementor-column elementor-col-100 elementor-top-column elementor-element elementor-element-a01e675\" data-id=\"a01e675\" data-element_type=\"column\">\n\t\t\t<div class=\"elementor-widget-wrap elementor-element-populated\">\n\t\t\t\t\t\t<div class=\"elementor-element elementor-element-982e333 elementor-widget elementor-widget-heading\" data-id=\"982e333\" data-element_type=\"widget\" data-widget_type=\"heading.default\">\n\t\t\t\t<div class=\"elementor-widget-container\">\n\t\t\t\t\t<h2 class=\"elementor-heading-title elementor-size-default\">Kontakt<\/h2>\t\t\t\t<\/div>\n\t\t\t\t<\/div>\n\t\t\t\t\t<\/div>\n\t\t<\/div>\n\t\t\t\t\t<\/div>\n\t\t<\/section>\n\t\t\t\t<section class=\"elementor-section elementor-top-section elementor-element elementor-element-4664b18 elementor-section-full_width elementor-section-height-default elementor-section-height-default\" data-id=\"4664b18\" data-element_type=\"section\">\n\t\t\t\t\t\t<div class=\"elementor-container elementor-column-gap-default\">\n\t\t\t\t\t<div class=\"elementor-column elementor-col-50 elementor-top-column elementor-element elementor-element-f6b889d\" data-id=\"f6b889d\" data-element_type=\"column\">\n\t\t\t<div class=\"elementor-widget-wrap elementor-element-populated\">\n\t\t\t\t\t\t<div class=\"elementor-element elementor-element-ceddcbb elementor-widget elementor-widget-google_maps\" data-id=\"ceddcbb\" data-element_type=\"widget\" data-widget_type=\"google_maps.default\">\n\t\t\t\t<div class=\"elementor-widget-container\">\n\t\t\t\t\t\t\t<div class=\"elementor-custom-embed\">\n\t\t\t<iframe loading=\"lazy\"\n\t\t\t\t\tsrc=\"https:\/\/maps.google.com\/maps?q=Fakulta%20um%C4%9Bn%C3%AD%20a%20designu%20Ujep&#038;t=m&#038;z=14&#038;output=embed&#038;iwloc=near\"\n\t\t\t\t\ttitle=\"Fakulta um\u011bn\u00ed a designu Ujep\"\n\t\t\t\t\taria-label=\"Fakulta um\u011bn\u00ed a designu Ujep\"\n\t\t\t><\/iframe>\n\t\t<\/div>\n\t\t\t\t\t\t<\/div>\n\t\t\t\t<\/div>\n\t\t\t\t\t<\/div>\n\t\t<\/div>\n\t\t\t\t<div class=\"elementor-column elementor-col-50 elementor-top-column elementor-element elementor-element-9419989\" data-id=\"9419989\" data-element_type=\"column\" data-settings=\"{&quot;background_background&quot;:&quot;classic&quot;}\">\n\t\t\t<div class=\"elementor-widget-wrap elementor-element-populated\">\n\t\t\t\t\t\t<div class=\"elementor-element elementor-element-c5110b1 elementor-widget elementor-widget-heading\" data-id=\"c5110b1\" data-element_type=\"widget\" data-widget_type=\"heading.default\">\n\t\t\t\t<div class=\"elementor-widget-container\">\n\t\t\t\t\t<h1 class=\"elementor-heading-title elementor-size-default\">Chcete n\u00e1s nav\u0161t\u00edvit?<\/h1>\t\t\t\t<\/div>\n\t\t\t\t<\/div>\n\t\t\t\t<div class=\"elementor-element elementor-element-999742a elementor-widget elementor-widget-text-editor\" data-id=\"999742a\" data-element_type=\"widget\" data-widget_type=\"text-editor.default\">\n\t\t\t\t<div class=\"elementor-widget-container\">\n\t\t\t\t\t\t\t\t\t<p>Centrum v\u00fdzkumu a podpory KKO<\/p><p>najdete v kancel\u00e1\u0159i \u010d. 113<\/p><p>na Fakult\u011b um\u011bn\u00ed a designu.<\/p><p>\u00a0<\/p><p><span style=\"font-weight: 400;\">Mgr. Alena Lan\u010dov\u00e1<\/span><\/p><p><span style=\"font-weight: 400;\">alena.lancova@ujep.cz<\/span><\/p><p>\u00a0<\/p><p><span style=\"font-weight: 400;\">Petr Kune\u0161<\/span><\/p><p><span style=\"font-weight: 400;\">petr.kunes@ujep.cz<\/span><\/p>\t\t\t\t\t\t\t\t<\/div>\n\t\t\t\t<\/div>\n\t\t\t\t\t<\/div>\n\t\t<\/div>\n\t\t\t\t\t<\/div>\n\t\t<\/section>\n\t\t\t\t<section class=\"elementor-section elementor-top-section elementor-element elementor-element-631b637 elementor-section-full_width elementor-section-height-default elementor-section-height-default\" data-id=\"631b637\" data-element_type=\"section\">\n\t\t\t\t\t\t<div class=\"elementor-container elementor-column-gap-default\">\n\t\t\t\t\t<div class=\"elementor-column elementor-col-100 elementor-top-column elementor-element elementor-element-986a049\" data-id=\"986a049\" data-element_type=\"column\">\n\t\t\t<div class=\"elementor-widget-wrap elementor-element-populated\">\n\t\t\t\t\t\t<div class=\"elementor-element elementor-element-8775863 elementor-widget elementor-widget-spacer\" data-id=\"8775863\" data-element_type=\"widget\" data-widget_type=\"spacer.default\">\n\t\t\t\t<div class=\"elementor-widget-container\">\n\t\t\t\t\t\t\t<div class=\"elementor-spacer\">\n\t\t\t<div class=\"elementor-spacer-inner\"><\/div>\n\t\t<\/div>\n\t\t\t\t\t\t<\/div>\n\t\t\t\t<\/div>\n\t\t\t\t<div class=\"elementor-element elementor-element-91b5820 elementor-widget__width-initial elementor-widget elementor-widget-text-editor\" data-id=\"91b5820\" data-element_type=\"widget\" data-widget_type=\"text-editor.default\">\n\t\t\t\t<div class=\"elementor-widget-container\">\n\t\t\t\t\t\t\t\t\t<p><strong>N\u00e1v\u0161t\u011bvn\u00ed hodiny: \u010dtvrtek 9.00 \u2014 11.00<\/strong><\/p><p><strong>N\u00e1v\u0161t\u011bvu nahla\u0161te na vr\u00e1tnici FUD UJEP <\/strong><\/p><p><strong>a my si V\u00e1s tam vyzvedneme.\u00a0<\/strong><\/p><p>Po dohod\u011b jsme v\u00e1m k dispozici v Kanclu 113 od pond\u011bl\u00ed do p\u00e1tku. Setk\u00e1me se, prodiskutujeme va\u0161e pot\u0159eby a navrhneme \u0159e\u0161en\u00ed. <br \/>Um\u00edme propojit s odborn\u00edky, poskytnout konzultaci a pomoci va\u0161emu projektu posunout se d\u00e1l. Ozv\u011bte se a sejdeme se.<\/p>\t\t\t\t\t\t\t\t<\/div>\n\t\t\t\t<\/div>\n\t\t\t\t\t<\/div>\n\t\t<\/div>\n\t\t\t\t\t<\/div>\n\t\t<\/section>\n\t\t\t\t<section class=\"elementor-section elementor-top-section elementor-element elementor-element-7077950 elementor-section-boxed elementor-section-height-default elementor-section-height-default\" data-id=\"7077950\" data-element_type=\"section\">\n\t\t\t\t\t\t<div class=\"elementor-container elementor-column-gap-default\">\n\t\t\t\t\t<div class=\"elementor-column elementor-col-100 elementor-top-column elementor-element elementor-element-9e37a67\" data-id=\"9e37a67\" data-element_type=\"column\">\n\t\t\t<div class=\"elementor-widget-wrap\">\n\t\t\t\t\t\t\t<\/div>\n\t\t<\/div>\n\t\t\t\t\t<\/div>\n\t\t<\/section>\n\t\t\t\t<section class=\"elementor-section elementor-top-section elementor-element elementor-element-626c95f elementor-section-full_width elementor-section-height-default elementor-section-height-default\" data-id=\"626c95f\" data-element_type=\"section\">\n\t\t\t\t\t\t<div class=\"elementor-container elementor-column-gap-default\">\n\t\t\t\t\t<div class=\"elementor-column elementor-col-100 elementor-top-column elementor-element elementor-element-70b9e57\" data-id=\"70b9e57\" data-element_type=\"column\">\n\t\t\t<div class=\"elementor-widget-wrap elementor-element-populated\">\n\t\t\t\t\t\t<div class=\"elementor-element elementor-element-e0c7061 elementor-widget elementor-widget-spacer\" data-id=\"e0c7061\" data-element_type=\"widget\" data-widget_type=\"spacer.default\">\n\t\t\t\t<div class=\"elementor-widget-container\">\n\t\t\t\t\t\t\t<div class=\"elementor-spacer\">\n\t\t\t<div class=\"elementor-spacer-inner\"><\/div>\n\t\t<\/div>\n\t\t\t\t\t\t<\/div>\n\t\t\t\t<\/div>\n\t\t\t\t\t<\/div>\n\t\t<\/div>\n\t\t\t\t\t<\/div>\n\t\t<\/section>\n\t\t\t\t<section class=\"elementor-section elementor-top-section elementor-element elementor-element-7a0899e elementor-section-full_width elementor-section-height-default elementor-section-height-default\" data-id=\"7a0899e\" data-element_type=\"section\">\n\t\t\t\t\t\t<div class=\"elementor-container elementor-column-gap-default\">\n\t\t\t\t\t<div class=\"elementor-column elementor-col-50 elementor-top-column elementor-element elementor-element-e301659\" data-id=\"e301659\" data-element_type=\"column\">\n\t\t\t<div class=\"elementor-widget-wrap elementor-element-populated\">\n\t\t\t\t\t\t<div class=\"elementor-element elementor-element-3bfacd7 elementor-widget elementor-widget-heading\" data-id=\"3bfacd7\" data-element_type=\"widget\" data-widget_type=\"heading.default\">\n\t\t\t\t<div class=\"elementor-widget-container\">\n\t\t\t\t\t<h2 class=\"elementor-heading-title elementor-size-default\">Mgr. Alena Lan\u010dov\u00e1<\/h2>\t\t\t\t<\/div>\n\t\t\t\t<\/div>\n\t\t\t\t<div class=\"elementor-element elementor-element-82b3ed0 elementor-widget elementor-widget-heading\" data-id=\"82b3ed0\" data-element_type=\"widget\" data-widget_type=\"heading.default\">\n\t\t\t\t<div class=\"elementor-widget-container\">\n\t\t\t\t\t<h2 class=\"elementor-heading-title elementor-size-default\">\u0161\u00e9fka\/produkce<\/h2>\t\t\t\t<\/div>\n\t\t\t\t<\/div>\n\t\t\t\t<div class=\"elementor-element elementor-element-6743100 elementor-widget__width-initial elementor-widget elementor-widget-text-editor\" data-id=\"6743100\" data-element_type=\"widget\" data-widget_type=\"text-editor.default\">\n\t\t\t\t<div class=\"elementor-widget-container\">\n\t\t\t\t\t\t\t\t\t<p>Alena vystudovala sociologii na Univerzit\u011b Palack\u00e9ho v\u00a0Olomouci. D\u00edky tamn\u00edmu otev\u0159en\u00e9mu p\u0159\u00edstupu zjistila, jak velkou zodpov\u011bdnost m\u00e1 univerzita v\u016f\u010di regionu. P\u011bt let p\u016fsobila ve studentsk\u00e9m r\u00e1diu UP AIR, kde se nau\u010dila prov\u00e1zet a\u00a0n\u011bkdy i\u00a0udr\u017eet studentstvo na cest\u011b k\u00a0realizaci n\u00e1pad\u016f.<\/p><p>\u00a0<\/p><p>Z\u00a0pandemick\u00e9ho obdob\u00ed m\u00e1 za sebou krat\u0161\u00ed p\u016fsoben\u00ed v\u00a0mnoha instituc\u00edch jako \u010cesk\u00e9 centrum Berl\u00edn, Inova\u010dn\u00ed hub \u0160koda Auto, Z\u00e1mek a\u00a0park Veltrusy a\u00a0M\u011bstsk\u00e1 knihovna M\u011bln\u00edk. Necel\u00e9 dva roky provozovala Pra\u017esk\u00e9 kreativn\u00ed centrum na Starom\u011bstsk\u00e9m n\u00e1m\u011bst\u00ed, spolupo\u0159\u00e1dala konference Pra\u017esk\u00e9 kulturn\u00ed f\u00f3rum a\u00a0European Creative Industries Summit 2022.<\/p><p>\u00a0<\/p><p>Alena ve sv\u00e9m voln\u00e9m \u010dase kompenzuje negativn\u00ed vliv sedav\u00e9ho zam\u011bstn\u00e1n\u00ed, medituje, poslouch\u00e1 \u010cesk\u00fd rozhlas Vltava a\u00a0Petrovy vyt\u0159\u00edben\u00e9 playlisty.<\/p>\t\t\t\t\t\t\t\t<\/div>\n\t\t\t\t<\/div>\n\t\t\t\t<div class=\"elementor-element elementor-element-6192d97 elementor-widget elementor-widget-spacer\" data-id=\"6192d97\" data-element_type=\"widget\" data-widget_type=\"spacer.default\">\n\t\t\t\t<div class=\"elementor-widget-container\">\n\t\t\t\t\t\t\t<div class=\"elementor-spacer\">\n\t\t\t<div class=\"elementor-spacer-inner\"><\/div>\n\t\t<\/div>\n\t\t\t\t\t\t<\/div>\n\t\t\t\t<\/div>\n\t\t\t\t<div class=\"elementor-element elementor-element-5159b13 elementor-widget elementor-widget-image\" data-id=\"5159b13\" data-element_type=\"widget\" data-widget_type=\"image.default\">\n\t\t\t\t<div class=\"elementor-widget-container\">\n\t\t\t\t\t\t\t\t\t\t\t\t\t\t\t<img decoding=\"async\" src=\"https:\/\/bod.ujep.cz\/wp-content\/uploads\/elementor\/thumbs\/medailony-32-r0zao1blwxwn84ieectcqmdjpu28qz5uljjawqvjjs.png\" title=\"medailony-32\" alt=\"medailony-32\" loading=\"lazy\" \/>\t\t\t\t\t\t\t\t\t\t\t\t\t\t\t<\/div>\n\t\t\t\t<\/div>\n\t\t\t\t\t<\/div>\n\t\t<\/div>\n\t\t\t\t<div class=\"elementor-column elementor-col-50 elementor-top-column elementor-element elementor-element-3e8ef0f\" data-id=\"3e8ef0f\" data-element_type=\"column\">\n\t\t\t<div class=\"elementor-widget-wrap elementor-element-populated\">\n\t\t\t\t\t\t<div class=\"elementor-element elementor-element-6d3d94e elementor-widget elementor-widget-heading\" data-id=\"6d3d94e\" data-element_type=\"widget\" data-widget_type=\"heading.default\">\n\t\t\t\t<div class=\"elementor-widget-container\">\n\t\t\t\t\t<h2 class=\"elementor-heading-title elementor-size-default\">Petr Kune\u0161<\/h2>\t\t\t\t<\/div>\n\t\t\t\t<\/div>\n\t\t\t\t<div class=\"elementor-element elementor-element-5c289da elementor-widget elementor-widget-heading\" data-id=\"5c289da\" data-element_type=\"widget\" data-widget_type=\"heading.default\">\n\t\t\t\t<div class=\"elementor-widget-container\">\n\t\t\t\t\t<h2 class=\"elementor-heading-title elementor-size-default\">vyprav\u011b\u010d\/produkce<\/h2>\t\t\t\t<\/div>\n\t\t\t\t<\/div>\n\t\t\t\t<div class=\"elementor-element elementor-element-57635e6 elementor-widget__width-initial elementor-widget elementor-widget-text-editor\" data-id=\"57635e6\" data-element_type=\"widget\" data-widget_type=\"text-editor.default\">\n\t\t\t\t<div class=\"elementor-widget-container\">\n\t\t\t\t\t\t\t\t\t<p>Petr se v\u00a0polovin\u011b 70. let minul\u00e9ho stolet\u00ed narodil, st\u00e1le \u017eije a\u00a0nejsp\u00ed\u0161 asi i\u00a0do\u017eije v\u00a0\u00dast\u00ed nad Labem, proto\u017ee k\u00a0n\u011bmu c\u00edt\u00ed osudovou sp\u0159\u00edzn\u011bnost, m\u00e1 tu rodinu a\u00a0nejbli\u017e\u0161\u00ed p\u0159\u00e1tele. A\u00a0taky proto\u017ee v\u00ed, \u017ee v\u00a0\u00dast\u00ed na\u0161el svat\u00fd gr\u00e1l, smysl \u017eivota.<\/p><p>\u00a0<\/p><p>Po maturit\u011b na chemick\u00e9 pr\u016fmyslovce a\u00a0dvou m\u011bs\u00edc\u00edch na V\u0160CHT mu do\u0161lo, \u017ee nad chemi\u00ed a\u00a0matikou vyhraje beletrie. Jen\u017ee po t\u0159ech letech na pedagogick\u00e9 fakult\u011b na bohemistice a\u00a0spole\u010densk\u00fdch v\u011bd\u00e1ch se mu stala osudnou postupov\u00e1 zkou\u0161ka z\u00a0historick\u00e9 mluvnice a\u00a0l\u00e1ska k\u00a0rokenrolu. Po ne\u00fasp\u011bchu na vysok\u00e9 se za\u010dal v\u011bnovat kultu\u0159e. Spoluorganizoval klubov\u00fd festival Campostella, hudebn\u00ed festival St\u0159ekovsk\u00e1 mumie na hrad\u011b St\u0159ekov. Do roku 2015 provozoval klub Mumie, kde dost\u00e1valy prostor alternativn\u00ed kapely a\u00a0klubov\u00e9 filmy. Pot\u00e9 pracoval t\u00e9m\u011b\u0159 deset let jako produk\u010dn\u00ed a\u00a0PR manager \u010cinohern\u00edho studia.<\/p><p>\u00a0<\/p><p>Kdy\u017e v\u00a0televizi nesleduje obl\u00edben\u00e9 Mistry zastav\u00e1rny, pod\u00edl\u00ed se na dramaturgii kina Ve\u0159ejn\u00e9ho s\u00e1lu Hrani\u010d\u00e1\u0159 a\u00a0ven\u010d\u00ed sv\u00e9 dva vo\u0159\u00ed\u0161ky na louk\u00e1ch \u010cesk\u00e9ho st\u0159edoho\u0159\u00ed.<span class=\"Apple-converted-space\">\u00a0<\/span><\/p>\t\t\t\t\t\t\t\t<\/div>\n\t\t\t\t<\/div>\n\t\t\t\t<div class=\"elementor-element elementor-element-6361434 elementor-widget elementor-widget-spacer\" data-id=\"6361434\" data-element_type=\"widget\" data-widget_type=\"spacer.default\">\n\t\t\t\t<div class=\"elementor-widget-container\">\n\t\t\t\t\t\t\t<div class=\"elementor-spacer\">\n\t\t\t<div class=\"elementor-spacer-inner\"><\/div>\n\t\t<\/div>\n\t\t\t\t\t\t<\/div>\n\t\t\t\t<\/div>\n\t\t\t\t<div class=\"elementor-element elementor-element-b2f4d1f elementor-widget elementor-widget-image\" data-id=\"b2f4d1f\" data-element_type=\"widget\" data-widget_type=\"image.default\">\n\t\t\t\t<div class=\"elementor-widget-container\">\n\t\t\t\t\t\t\t\t\t\t\t\t\t\t\t<img decoding=\"async\" src=\"https:\/\/bod.ujep.cz\/wp-content\/uploads\/elementor\/thumbs\/medailony-31-r0zanyi3cfss9amhutlh1535xog53vunl5kugwzq2g.png\" title=\"medailony-31\" alt=\"medailony-31\" loading=\"lazy\" \/>\t\t\t\t\t\t\t\t\t\t\t\t\t\t\t<\/div>\n\t\t\t\t<\/div>\n\t\t\t\t\t<\/div>\n\t\t<\/div>\n\t\t\t\t\t<\/div>\n\t\t<\/section>\n\t\t\t\t<section class=\"elementor-section elementor-top-section elementor-element elementor-element-3275128 elementor-section-boxed elementor-section-height-default elementor-section-height-default\" data-id=\"3275128\" data-element_type=\"section\">\n\t\t\t\t\t\t<div class=\"elementor-container elementor-column-gap-default\">\n\t\t\t\t\t<div class=\"elementor-column elementor-col-100 elementor-top-column elementor-element elementor-element-cbb47e9\" data-id=\"cbb47e9\" data-element_type=\"column\">\n\t\t\t<div class=\"elementor-widget-wrap elementor-element-populated\">\n\t\t\t\t\t\t<div class=\"elementor-element elementor-element-22fadc3 elementor-widget elementor-widget-spacer\" data-id=\"22fadc3\" data-element_type=\"widget\" data-widget_type=\"spacer.default\">\n\t\t\t\t<div class=\"elementor-widget-container\">\n\t\t\t\t\t\t\t<div class=\"elementor-spacer\">\n\t\t\t<div class=\"elementor-spacer-inner\"><\/div>\n\t\t<\/div>\n\t\t\t\t\t\t<\/div>\n\t\t\t\t<\/div>\n\t\t\t\t\t<\/div>\n\t\t<\/div>\n\t\t\t\t\t<\/div>\n\t\t<\/section>\n\t\t\t\t<section class=\"elementor-section elementor-top-section elementor-element elementor-element-9986902 elementor-section-full_width elementor-section-height-default elementor-section-height-default\" data-id=\"9986902\" data-element_type=\"section\">\n\t\t\t\t\t\t<div class=\"elementor-container elementor-column-gap-default\">\n\t\t\t\t\t<div class=\"elementor-column elementor-col-50 elementor-top-column elementor-element elementor-element-e4c9193\" data-id=\"e4c9193\" data-element_type=\"column\">\n\t\t\t<div class=\"elementor-widget-wrap elementor-element-populated\">\n\t\t\t\t\t\t<div class=\"elementor-element elementor-element-5c1e0ca elementor-widget elementor-widget-heading\" data-id=\"5c1e0ca\" data-element_type=\"widget\" data-widget_type=\"heading.default\">\n\t\t\t\t<div class=\"elementor-widget-container\">\n\t\t\t\t\t<h2 class=\"elementor-heading-title elementor-size-default\">Poslechni si Petr\u016fv playlist!<\/h2>\t\t\t\t<\/div>\n\t\t\t\t<\/div>\n\t\t\t\t\t<\/div>\n\t\t<\/div>\n\t\t\t\t<div class=\"elementor-column elementor-col-50 elementor-top-column elementor-element elementor-element-81b21f2\" data-id=\"81b21f2\" data-element_type=\"column\">\n\t\t\t<div class=\"elementor-widget-wrap\">\n\t\t\t\t\t\t\t<\/div>\n\t\t<\/div>\n\t\t\t\t\t<\/div>\n\t\t<\/section>\n\t\t\t\t<section class=\"elementor-section elementor-top-section elementor-element elementor-element-8312797 elementor-section-boxed elementor-section-height-default elementor-section-height-default\" data-id=\"8312797\" data-element_type=\"section\">\n\t\t\t\t\t\t<div class=\"elementor-container elementor-column-gap-default\">\n\t\t\t\t\t<div class=\"elementor-column elementor-col-33 elementor-top-column elementor-element elementor-element-b715b41\" data-id=\"b715b41\" data-element_type=\"column\">\n\t\t\t<div class=\"elementor-widget-wrap elementor-element-populated\">\n\t\t\t\t\t\t<div class=\"elementor-element elementor-element-50b56ad elementor-widget elementor-widget-text-editor\" data-id=\"50b56ad\" data-element_type=\"widget\" data-widget_type=\"text-editor.default\">\n\t\t\t\t<div class=\"elementor-widget-container\">\n\t\t\t\t\t\t\t\t\t<p><iframe title=\"Spotify Embed: BOD.jaro.2025\" style=\"border-radius: 12px\" width=\"100%\" height=\"352\" frameborder=\"0\" allowfullscreen allow=\"autoplay; clipboard-write; encrypted-media; fullscreen; picture-in-picture\" loading=\"lazy\" src=\"https:\/\/open.spotify.com\/embed\/playlist\/2Yrpy5TV4h2mEd4IB2DzBY?si=xZKJwXf8SXK1qgcnHEJcug&utm_source=oembed\"><\/iframe><\/p>\t\t\t\t\t\t\t\t<\/div>\n\t\t\t\t<\/div>\n\t\t\t\t\t<\/div>\n\t\t<\/div>\n\t\t\t\t<div class=\"elementor-column elementor-col-33 elementor-top-column elementor-element elementor-element-c8117b4\" data-id=\"c8117b4\" data-element_type=\"column\">\n\t\t\t<div class=\"elementor-widget-wrap elementor-element-populated\">\n\t\t\t\t\t\t<div class=\"elementor-element elementor-element-d3269d2 elementor-widget elementor-widget-text-editor\" data-id=\"d3269d2\" data-element_type=\"widget\" data-widget_type=\"text-editor.default\">\n\t\t\t\t<div class=\"elementor-widget-container\">\n\t\t\t\t\t\t\t\t\t<p><iframe title=\"Spotify Embed: BOD.podzim.2025\" style=\"border-radius: 12px\" width=\"100%\" height=\"352\" frameborder=\"0\" allowfullscreen allow=\"autoplay; clipboard-write; encrypted-media; fullscreen; picture-in-picture\" loading=\"lazy\" src=\"https:\/\/open.spotify.com\/embed\/playlist\/0cE4kABuKTog2WHSpXLgRG?si=jPNgkL1mR6W99aLBENbYfQ&utm_source=oembed\"><\/iframe><\/p>\t\t\t\t\t\t\t\t<\/div>\n\t\t\t\t<\/div>\n\t\t\t\t\t<\/div>\n\t\t<\/div>\n\t\t\t\t<div class=\"elementor-column elementor-col-33 elementor-top-column elementor-element elementor-element-dad8529\" data-id=\"dad8529\" data-element_type=\"column\">\n\t\t\t<div class=\"elementor-widget-wrap elementor-element-populated\">\n\t\t\t\t\t\t<div class=\"elementor-element elementor-element-46757ff elementor-widget elementor-widget-text-editor\" data-id=\"46757ff\" data-element_type=\"widget\" data-widget_type=\"text-editor.default\">\n\t\t\t\t<div class=\"elementor-widget-container\">\n\t\t\t\t\t\t\t\t\t<p><iframe title=\"Spotify Embed: BOD.jaro.2026\" style=\"border-radius: 12px\" width=\"100%\" height=\"352\" frameborder=\"0\" allowfullscreen allow=\"autoplay; clipboard-write; encrypted-media; fullscreen; picture-in-picture\" loading=\"lazy\" src=\"https:\/\/open.spotify.com\/embed\/playlist\/35wxMCzxSSDz4civdJnHww?si=-TajJCupTUCqP4vhKRvlKA&amp;utm_source=oembed\"><\/iframe><\/p>\t\t\t\t\t\t\t\t<\/div>\n\t\t\t\t<\/div>\n\t\t\t\t\t<\/div>\n\t\t<\/div>\n\t\t\t\t\t<\/div>\n\t\t<\/section>\n\t\t\t\t<section class=\"elementor-section elementor-top-section elementor-element elementor-element-f425ece elementor-section-boxed elementor-section-height-default elementor-section-height-default\" data-id=\"f425ece\" data-element_type=\"section\">\n\t\t\t\t\t\t<div class=\"elementor-container elementor-column-gap-default\">\n\t\t\t\t\t<div class=\"elementor-column elementor-col-100 elementor-top-column elementor-element elementor-element-ba8c4c0\" data-id=\"ba8c4c0\" data-element_type=\"column\">\n\t\t\t<div class=\"elementor-widget-wrap\">\n\t\t\t\t\t\t\t<\/div>\n\t\t<\/div>\n\t\t\t\t\t<\/div>\n\t\t<\/section>\n\t\t\t\t<\/div>\n\t\t","protected":false},"excerpt":{"rendered":"<p>Kontakt Chcete n\u00e1s nav\u0161t\u00edvit? Centrum v\u00fdzkumu a podpory KKO najdete v kancel\u00e1\u0159i \u010d. 113 na Fakult\u011b um\u011bn\u00ed a designu. \u00a0 Mgr. Alena Lan\u010dov\u00e1 alena.lancova@ujep.cz \u00a0 Petr Kune\u0161 petr.kunes@ujep.cz N\u00e1v\u0161t\u011bvn\u00ed hodiny: \u010dtvrtek 9.00 \u2014 11.00 N\u00e1v\u0161t\u011bvu nahla\u0161te na vr\u00e1tnici FUD UJEP a my si V\u00e1s tam vyzvedneme.\u00a0 Po dohod\u011b jsme v\u00e1m k dispozici v Kanclu 113 [&hellip;]<\/p>\n","protected":false},"author":2,"featured_media":0,"parent":0,"menu_order":0,"comment_status":"closed","ping_status":"closed","template":"elementor_header_footer","meta":{"inline_featured_image":false,"footnotes":""},"class_list":["post-109","page","type-page","status-publish","hentry"],"_links":{"self":[{"href":"https:\/\/bod.ujep.cz\/index.php?rest_route=\/wp\/v2\/pages\/109","targetHints":{"allow":["GET"]}}],"collection":[{"href":"https:\/\/bod.ujep.cz\/index.php?rest_route=\/wp\/v2\/pages"}],"about":[{"href":"https:\/\/bod.ujep.cz\/index.php?rest_route=\/wp\/v2\/types\/page"}],"author":[{"embeddable":true,"href":"https:\/\/bod.ujep.cz\/index.php?rest_route=\/wp\/v2\/users\/2"}],"replies":[{"embeddable":true,"href":"https:\/\/bod.ujep.cz\/index.php?rest_route=%2Fwp%2Fv2%2Fcomments&post=109"}],"version-history":[{"count":205,"href":"https:\/\/bod.ujep.cz\/index.php?rest_route=\/wp\/v2\/pages\/109\/revisions"}],"predecessor-version":[{"id":2725,"href":"https:\/\/bod.ujep.cz\/index.php?rest_route=\/wp\/v2\/pages\/109\/revisions\/2725"}],"wp:attachment":[{"href":"https:\/\/bod.ujep.cz\/index.php?rest_route=%2Fwp%2Fv2%2Fmedia&parent=109"}],"curies":[{"name":"wp","href":"https:\/\/api.w.org\/{rel}","templated":true}]}}