{"id":105,"date":"2025-01-30T16:18:44","date_gmt":"2025-01-30T15:18:44","guid":{"rendered":"https:\/\/bod.ujep.cz\/?page_id=105"},"modified":"2025-02-28T08:32:51","modified_gmt":"2025-02-28T07:32:51","slug":"bod2","status":"publish","type":"page","link":"https:\/\/bod.ujep.cz\/?page_id=105","title":{"rendered":"BOD.2"},"content":{"rendered":"\t\t<div data-elementor-type=\"wp-page\" data-elementor-id=\"105\" class=\"elementor elementor-105\" data-elementor-post-type=\"page\">\n\t\t\t\t\t\t<section class=\"elementor-section elementor-top-section elementor-element elementor-element-fba33fd elementor-section-items-stretch elementor-section-content-top elementor-section-full_width elementor-section-height-full elementor-section-height-default\" data-id=\"fba33fd\" data-element_type=\"section\">\n\t\t\t\t\t\t<div class=\"elementor-container elementor-column-gap-default\">\n\t\t\t\t\t<div class=\"elementor-column elementor-col-50 elementor-top-column elementor-element elementor-element-0905c48\" data-id=\"0905c48\" data-element_type=\"column\" data-settings=\"{&quot;background_background&quot;:&quot;classic&quot;}\">\n\t\t\t<div class=\"elementor-widget-wrap elementor-element-populated\">\n\t\t\t\t\t<div class=\"elementor-background-overlay\"><\/div>\n\t\t\t\t\t\t<div class=\"elementor-element elementor-element-cfc7970 elementor-widget elementor-widget-heading\" data-id=\"cfc7970\" data-element_type=\"widget\" data-widget_type=\"heading.default\">\n\t\t\t\t<div class=\"elementor-widget-container\">\n\t\t\t\t\t<h1 class=\"elementor-heading-title elementor-size-default\"><a href=\"https:\/\/bod.ujep.cz\/?page_id=101\">BOD.2<\/a><\/h1>\t\t\t\t<\/div>\n\t\t\t\t<\/div>\n\t\t\t\t<div class=\"elementor-element elementor-element-9575c7a elementor-widget elementor-widget-heading\" data-id=\"9575c7a\" data-element_type=\"widget\" data-widget_type=\"heading.default\">\n\t\t\t\t<div class=\"elementor-widget-container\">\n\t\t\t\t\t<h2 class=\"elementor-heading-title elementor-size-default\">V\u00fdzkum a publikace<\/h2>\t\t\t\t<\/div>\n\t\t\t\t<\/div>\n\t\t\t\t<div class=\"elementor-element elementor-element-4d43fa0 elementor-widget elementor-widget-spacer\" data-id=\"4d43fa0\" data-element_type=\"widget\" data-widget_type=\"spacer.default\">\n\t\t\t\t<div class=\"elementor-widget-container\">\n\t\t\t\t\t\t\t<div class=\"elementor-spacer\">\n\t\t\t<div class=\"elementor-spacer-inner\"><\/div>\n\t\t<\/div>\n\t\t\t\t\t\t<\/div>\n\t\t\t\t<\/div>\n\t\t\t\t<div class=\"elementor-element elementor-element-80bfa1a elementor-widget elementor-widget-image\" data-id=\"80bfa1a\" data-element_type=\"widget\" data-widget_type=\"image.default\">\n\t\t\t\t<div class=\"elementor-widget-container\">\n\t\t\t\t\t\t\t\t\t\t\t\t\t\t\t<img decoding=\"async\" src=\"https:\/\/bod.ujep.cz\/wp-content\/uploads\/elementor\/thumbs\/Untitled_Artwork-306-r10261u4lsqoqos18mcrngaxvgty9wvnh8vcw9xg20.png\" title=\"Untitled_Artwork 306\" alt=\"Untitled_Artwork 306\" loading=\"lazy\" \/>\t\t\t\t\t\t\t\t\t\t\t\t\t\t\t<\/div>\n\t\t\t\t<\/div>\n\t\t\t\t\t<\/div>\n\t\t<\/div>\n\t\t\t\t<div class=\"elementor-column elementor-col-50 elementor-top-column elementor-element elementor-element-b37c357\" data-id=\"b37c357\" data-element_type=\"column\" data-settings=\"{&quot;background_background&quot;:&quot;classic&quot;,&quot;background_motion_fx_motion_fx_scrolling&quot;:&quot;yes&quot;,&quot;background_motion_fx_devices&quot;:[&quot;desktop&quot;,&quot;tablet&quot;,&quot;mobile&quot;]}\">\n\t\t\t<div class=\"elementor-widget-wrap elementor-element-populated\">\n\t\t\t\t\t\t<div class=\"elementor-element elementor-element-ab0539c elementor-widget elementor-widget-heading\" data-id=\"ab0539c\" data-element_type=\"widget\" data-widget_type=\"heading.default\">\n\t\t\t\t<div class=\"elementor-widget-container\">\n\t\t\t\t\t<h2 class=\"elementor-heading-title elementor-size-default\">V\u00fdzkum a publikace<\/h2>\t\t\t\t<\/div>\n\t\t\t\t<\/div>\n\t\t\t\t<div class=\"elementor-element elementor-element-41714a1 elementor-widget__width-initial elementor-widget elementor-widget-text-editor\" data-id=\"41714a1\" data-element_type=\"widget\" data-widget_type=\"text-editor.default\">\n\t\t\t\t<div class=\"elementor-widget-container\">\n\t\t\t\t\t\t\t\t\t<p>Projekt se zam\u011b\u0159ujeme se na v\u00fdzkum a\u00a0artistic research v\u00a0oblasti kulturn\u00edch a\u00a0kreativn\u00edch odv\u011btv\u00ed \u00dasteck\u00e9ho kraje. Jednotliv\u00e9 design\u00e9rsk\u00e9 a\u00a0v\u00fdtvarn\u00e9 v\u00fdstupy budou vych\u00e1zet z\u00a0historie a\u00a0sou\u010dasnosti kraje a\u00a0jeho soci\u00e1ln\u00edch, kulturn\u00edch, pr\u016fmyslov\u00fdch i\u00a0ekonomick\u00fdch hledisek. Hledaj\u00ed historickou kontinuitu a\u00a0d\u00edvaj\u00ed se do budoucnosti. V\u00fdstupy t\u00e9to \u010d\u00e1sti projektu zahrnuj\u00ed odbornou knihu a\u00a0digit\u00e1ln\u00ed mapu dopln\u011bn\u00e9 progresivn\u00edmi um\u011bleck\u00fdmi projekty zam\u011b\u0159en\u00fdmi na rozvoj kulturn\u00edho kapit\u00e1lu \u00dasteck\u00e9ho kraje.<\/p>\t\t\t\t\t\t\t\t<\/div>\n\t\t\t\t<\/div>\n\t\t\t\t<div class=\"elementor-element elementor-element-b30a457 elementor-widget elementor-widget-spacer\" data-id=\"b30a457\" data-element_type=\"widget\" data-widget_type=\"spacer.default\">\n\t\t\t\t<div class=\"elementor-widget-container\">\n\t\t\t\t\t\t\t<div class=\"elementor-spacer\">\n\t\t\t<div class=\"elementor-spacer-inner\"><\/div>\n\t\t<\/div>\n\t\t\t\t\t\t<\/div>\n\t\t\t\t<\/div>\n\t\t\t\t<div class=\"elementor-element elementor-element-2c02f84 elementor-widget elementor-widget-spacer\" data-id=\"2c02f84\" data-element_type=\"widget\" data-widget_type=\"spacer.default\">\n\t\t\t\t<div class=\"elementor-widget-container\">\n\t\t\t\t\t\t\t<div class=\"elementor-spacer\">\n\t\t\t<div class=\"elementor-spacer-inner\"><\/div>\n\t\t<\/div>\n\t\t\t\t\t\t<\/div>\n\t\t\t\t<\/div>\n\t\t\t\t\t<\/div>\n\t\t<\/div>\n\t\t\t\t\t<\/div>\n\t\t<\/section>\n\t\t\t\t<section class=\"elementor-section elementor-top-section elementor-element elementor-element-e9c163c elementor-section-full_width elementor-section-height-default elementor-section-height-default\" data-id=\"e9c163c\" data-element_type=\"section\">\n\t\t\t\t\t\t<div class=\"elementor-container elementor-column-gap-default\">\n\t\t\t\t\t<div class=\"elementor-column elementor-col-100 elementor-top-column elementor-element elementor-element-5c66e31\" data-id=\"5c66e31\" data-element_type=\"column\">\n\t\t\t<div class=\"elementor-widget-wrap\">\n\t\t\t\t\t\t\t<\/div>\n\t\t<\/div>\n\t\t\t\t\t<\/div>\n\t\t<\/section>\n\t\t\t\t<\/div>\n\t\t","protected":false},"excerpt":{"rendered":"<p>BOD.2 V\u00fdzkum a publikace V\u00fdzkum a publikace Projekt se zam\u011b\u0159ujeme se na v\u00fdzkum a\u00a0artistic research v\u00a0oblasti kulturn\u00edch a\u00a0kreativn\u00edch odv\u011btv\u00ed \u00dasteck\u00e9ho kraje. Jednotliv\u00e9 design\u00e9rsk\u00e9 a\u00a0v\u00fdtvarn\u00e9 v\u00fdstupy budou vych\u00e1zet z\u00a0historie a\u00a0sou\u010dasnosti kraje a\u00a0jeho soci\u00e1ln\u00edch, kulturn\u00edch, pr\u016fmyslov\u00fdch i\u00a0ekonomick\u00fdch hledisek. Hledaj\u00ed historickou kontinuitu a\u00a0d\u00edvaj\u00ed se do budoucnosti. V\u00fdstupy t\u00e9to \u010d\u00e1sti projektu zahrnuj\u00ed odbornou knihu a\u00a0digit\u00e1ln\u00ed mapu dopln\u011bn\u00e9 progresivn\u00edmi um\u011bleck\u00fdmi [&hellip;]<\/p>\n","protected":false},"author":2,"featured_media":0,"parent":0,"menu_order":0,"comment_status":"closed","ping_status":"closed","template":"elementor_header_footer","meta":{"inline_featured_image":false,"footnotes":""},"class_list":["post-105","page","type-page","status-publish","hentry"],"_links":{"self":[{"href":"https:\/\/bod.ujep.cz\/index.php?rest_route=\/wp\/v2\/pages\/105","targetHints":{"allow":["GET"]}}],"collection":[{"href":"https:\/\/bod.ujep.cz\/index.php?rest_route=\/wp\/v2\/pages"}],"about":[{"href":"https:\/\/bod.ujep.cz\/index.php?rest_route=\/wp\/v2\/types\/page"}],"author":[{"embeddable":true,"href":"https:\/\/bod.ujep.cz\/index.php?rest_route=\/wp\/v2\/users\/2"}],"replies":[{"embeddable":true,"href":"https:\/\/bod.ujep.cz\/index.php?rest_route=%2Fwp%2Fv2%2Fcomments&post=105"}],"version-history":[{"count":63,"href":"https:\/\/bod.ujep.cz\/index.php?rest_route=\/wp\/v2\/pages\/105\/revisions"}],"predecessor-version":[{"id":1282,"href":"https:\/\/bod.ujep.cz\/index.php?rest_route=\/wp\/v2\/pages\/105\/revisions\/1282"}],"wp:attachment":[{"href":"https:\/\/bod.ujep.cz\/index.php?rest_route=%2Fwp%2Fv2%2Fmedia&parent=105"}],"curies":[{"name":"wp","href":"https:\/\/api.w.org\/{rel}","templated":true}]}}