{"id":101,"date":"2025-01-30T16:17:35","date_gmt":"2025-01-30T15:17:35","guid":{"rendered":"https:\/\/bod.ujep.cz\/?page_id=101"},"modified":"2026-04-28T14:29:08","modified_gmt":"2026-04-28T12:29:08","slug":"bod1","status":"publish","type":"page","link":"https:\/\/bod.ujep.cz\/?page_id=101","title":{"rendered":"BOD.1"},"content":{"rendered":"\t\t<div data-elementor-type=\"wp-page\" data-elementor-id=\"101\" class=\"elementor elementor-101\" data-elementor-post-type=\"page\">\n\t\t\t\t\t\t<section class=\"elementor-section elementor-top-section elementor-element elementor-element-2638ace elementor-section-content-top elementor-section-full_width elementor-section-height-default elementor-section-height-default\" data-id=\"2638ace\" data-element_type=\"section\">\n\t\t\t\t\t\t<div class=\"elementor-container elementor-column-gap-default\">\n\t\t\t\t\t<div class=\"elementor-column elementor-col-50 elementor-top-column elementor-element elementor-element-73992e0\" data-id=\"73992e0\" data-element_type=\"column\" data-settings=\"{&quot;background_background&quot;:&quot;classic&quot;}\">\n\t\t\t<div class=\"elementor-widget-wrap elementor-element-populated\">\n\t\t\t\t\t<div class=\"elementor-background-overlay\"><\/div>\n\t\t\t\t\t\t<div class=\"elementor-element elementor-element-bb453f5 elementor-widget elementor-widget-heading\" data-id=\"bb453f5\" data-element_type=\"widget\" data-widget_type=\"heading.default\">\n\t\t\t\t<div class=\"elementor-widget-container\">\n\t\t\t\t\t<h1 class=\"elementor-heading-title elementor-size-default\"><a href=\"https:\/\/bod.ujep.cz\/?page_id=101\">BOD.1<\/a><\/h1>\t\t\t\t<\/div>\n\t\t\t\t<\/div>\n\t\t\t\t<div class=\"elementor-element elementor-element-477594f elementor-widget elementor-widget-text-editor\" data-id=\"477594f\" data-element_type=\"widget\" data-widget_type=\"text-editor.default\">\n\t\t\t\t<div class=\"elementor-widget-container\">\n\t\t\t\t\t\t\t\t\t<p><span style=\"color: var( --e-global-color-text ); font-family: var( --e-global-typography-accent-font-family ), Sans-serif; font-size: var( --e-global-typography-accent-font-size ); font-style: var( --e-global-typography-accent-font-style ); letter-spacing: var( --e-global-typography-primary-letter-spacing ); text-transform: var( --e-global-typography-accent-text-transform ); word-spacing: var( --e-global-typography-primary-word-spacing ); background-color: var( --e-global-color-1c9821e ); text-decoration: var( --e-global-typography-accent-text-decoration );\">Centrum<br \/><\/span><span style=\"color: var( --e-global-color-text ); font-family: var( --e-global-typography-accent-font-family ), Sans-serif; font-size: var( --e-global-typography-accent-font-size ); font-style: var( --e-global-typography-accent-font-style ); letter-spacing: var( --e-global-typography-primary-letter-spacing ); text-transform: var( --e-global-typography-accent-text-transform ); word-spacing: var( --e-global-typography-primary-word-spacing ); background-color: var( --e-global-color-1c9821e ); text-decoration: var( --e-global-typography-accent-text-decoration );\">Vzd\u011bl\u00e1v\u00e1n\u00ed<br \/><\/span><span style=\"color: var( --e-global-color-text ); font-family: var( --e-global-typography-accent-font-family ), Sans-serif; font-size: var( --e-global-typography-accent-font-size ); font-style: var( --e-global-typography-accent-font-style ); letter-spacing: var( --e-global-typography-primary-letter-spacing ); text-transform: var( --e-global-typography-accent-text-transform ); word-spacing: var( --e-global-typography-primary-word-spacing ); background-color: var( --e-global-color-1c9821e ); text-decoration: var( --e-global-typography-accent-text-decoration );\">Kulat\u00e9 stoly<br \/>Popularizace<\/span><\/p>\t\t\t\t\t\t\t\t<\/div>\n\t\t\t\t<\/div>\n\t\t\t\t<div class=\"elementor-element elementor-element-041e33b elementor-widget elementor-widget-image\" data-id=\"041e33b\" data-element_type=\"widget\" data-widget_type=\"image.default\">\n\t\t\t\t<div class=\"elementor-widget-container\">\n\t\t\t\t\t\t\t\t\t\t\t\t\t\t\t<img fetchpriority=\"high\" decoding=\"async\" width=\"300\" height=\"300\" src=\"https:\/\/bod.ujep.cz\/wp-content\/uploads\/2025\/02\/Untitled_Artwork-297_2-300x300.png\" class=\"attachment-medium size-medium wp-image-378\" alt=\"\" srcset=\"https:\/\/bod.ujep.cz\/wp-content\/uploads\/2025\/02\/Untitled_Artwork-297_2-300x300.png 300w, https:\/\/bod.ujep.cz\/wp-content\/uploads\/2025\/02\/Untitled_Artwork-297_2-1019x1024.png 1019w, https:\/\/bod.ujep.cz\/wp-content\/uploads\/2025\/02\/Untitled_Artwork-297_2-150x150.png 150w, https:\/\/bod.ujep.cz\/wp-content\/uploads\/2025\/02\/Untitled_Artwork-297_2-1529x1536.png 1529w, https:\/\/bod.ujep.cz\/wp-content\/uploads\/2025\/02\/Untitled_Artwork-297_2-2038x2048.png 2038w, https:\/\/bod.ujep.cz\/wp-content\/uploads\/2025\/02\/elementor\/thumbs\/Untitled_Artwork-297_2-r0ywevbnyy7ke22ncg6yl72hk7lv3j52lebexu8ckg.png 400w\" sizes=\"(max-width: 300px) 100vw, 300px\" \/>\t\t\t\t\t\t\t\t\t\t\t\t\t\t\t<\/div>\n\t\t\t\t<\/div>\n\t\t\t\t\t<\/div>\n\t\t<\/div>\n\t\t\t\t<div class=\"elementor-column elementor-col-50 elementor-top-column elementor-element elementor-element-eee9d89\" data-id=\"eee9d89\" data-element_type=\"column\" data-settings=\"{&quot;background_background&quot;:&quot;classic&quot;,&quot;background_motion_fx_motion_fx_scrolling&quot;:&quot;yes&quot;,&quot;background_motion_fx_devices&quot;:[&quot;desktop&quot;,&quot;tablet&quot;,&quot;mobile&quot;]}\">\n\t\t\t<div class=\"elementor-widget-wrap elementor-element-populated\">\n\t\t\t\t\t\t<div class=\"elementor-element elementor-element-0841cb0 elementor-widget elementor-widget-heading\" data-id=\"0841cb0\" data-element_type=\"widget\" data-widget_type=\"heading.default\">\n\t\t\t\t<div class=\"elementor-widget-container\">\n\t\t\t\t\t<h2 class=\"elementor-heading-title elementor-size-default\">Centrum<\/h2>\t\t\t\t<\/div>\n\t\t\t\t<\/div>\n\t\t\t\t<div class=\"elementor-element elementor-element-dc0ca83 elementor-widget__width-initial elementor-widget elementor-widget-text-editor\" data-id=\"dc0ca83\" data-element_type=\"widget\" data-widget_type=\"text-editor.default\">\n\t\t\t\t<div class=\"elementor-widget-container\">\n\t\t\t\t\t\t\t\t\t<p>Jsme Centrum v\u00fdzkumu a\u00a0podpory kulturn\u00edch a\u00a0kreativn\u00edch odv\u011btv\u00ed v\u00a0\u00dasteck\u00e9m kraji. Propojujeme akt\u00e9ry, inspirujeme, vzd\u011bl\u00e1v\u00e1me. S\u00eddl\u00edme na Fakult\u011b um\u011bn\u00ed a\u00a0designu, m\u00e1me z\u00e1zem\u00ed v\u00a0univerzitn\u00edm prost\u0159ed\u00ed a\u00a0jsme v\u00a0kontaktu s\u00a0regionem.\u00a0Ukazujeme, \u017ee ka\u017ed\u00fd se m\u016f\u017ee posouvat. Sna\u017e\u00edme se dok\u00e1zat, \u017ee kraj, kde se d\u0159\u00edve t\u011b\u017eilo hn\u011bd\u00e9 uhl\u00ed, m\u016f\u017ee nyn\u00ed t\u011b\u017eit z\u00a0kreativity.\u00a0Udr\u017eujeme kontakt s\u00a0ter\u00e9nem, komunikuje s\u00a0profesion\u00e1ly, kte\u0159\u00ed sami tvo\u0159\u00ed nebo svou \u010dinnost\u00ed podporuj\u00ed kreativitu.\u00a0Chceme spou\u0161t\u011bt pozitivn\u00ed zm\u011bny v\u00a0kulturn\u00edm a\u00a0kreativn\u00edm sektoru \u00dasteck\u00e9ho kraje.<\/p><p dir=\"ltr\">\u00a0<\/p><p dir=\"ltr\"><strong><span style=\"text-decoration: underline;\"><a href=\"https:\/\/bod.ujep.cz\/?page_id=109\">Chcete si domluvit sch\u016fzku? Kontaktujte n\u00e1s.\u00a0<\/a><\/span><\/strong><\/p>\t\t\t\t\t\t\t\t<\/div>\n\t\t\t\t<\/div>\n\t\t\t\t<div class=\"elementor-element elementor-element-3a88160 elementor-widget elementor-widget-spacer\" data-id=\"3a88160\" data-element_type=\"widget\" data-widget_type=\"spacer.default\">\n\t\t\t\t<div class=\"elementor-widget-container\">\n\t\t\t\t\t\t\t<div class=\"elementor-spacer\">\n\t\t\t<div class=\"elementor-spacer-inner\"><\/div>\n\t\t<\/div>\n\t\t\t\t\t\t<\/div>\n\t\t\t\t<\/div>\n\t\t\t\t<div class=\"elementor-element elementor-element-db0d805 elementor-widget elementor-widget-heading\" data-id=\"db0d805\" data-element_type=\"widget\" data-widget_type=\"heading.default\">\n\t\t\t\t<div class=\"elementor-widget-container\">\n\t\t\t\t\t<h2 class=\"elementor-heading-title elementor-size-default\">Vzd\u011bl\u00e1v\u00e1n\u00ed<\/h2>\t\t\t\t<\/div>\n\t\t\t\t<\/div>\n\t\t\t\t<div class=\"elementor-element elementor-element-bd2f6d3 elementor-widget__width-initial elementor-widget elementor-widget-text-editor\" data-id=\"bd2f6d3\" data-element_type=\"widget\" data-widget_type=\"text-editor.default\">\n\t\t\t\t<div class=\"elementor-widget-container\">\n\t\t\t\t\t\t\t\t\t<p>Vzd\u011bl\u00e1vac\u00ed program Centra v\u00fdzkumu a podpory kulturn\u00edch a kreativn\u00edch odv\u011btv\u00ed na FUD UJEP nab\u00edz\u00ed kurzy, kter\u00e9 pom\u00e1haj\u00ed lidem a spole\u010dnostem pohybuj\u00edc\u00edm se v kulturn\u00edm a kreativn\u00edm sektoru zlep\u0161it jejich kreativn\u00ed, organiza\u010dn\u00ed a produk\u010dn\u00ed dovednosti. Kurzy, semin\u00e1\u0159e a workshopy povedou odborn\u00edci z akademick\u00e9ho prost\u0159ed\u00ed.<\/p><p>\u00a0<\/p><p><strong>BOD.FUD: Kurzy kreativn\u00ed praxe<\/strong><\/p><p>Vytvo\u0159ili jsme vzd\u011bl\u00e1vac\u00ed s\u00e9rii pro ty, kdo se cht\u011bj\u00ed zorientovat, zm\u011bnit sm\u011br nebo si otev\u0159\u00edt nov\u00e9 obzory v oblasti kultury a kreativity. Nab\u00edz\u00edme prostor pro porozum\u011bn\u00ed a propojov\u00e1n\u00ed souvislost\u00ed. Bez tlaku na v\u00fdkon, ale s d\u016frazem na smysl, kontext a kvalitu.<\/p><p>\u00a0<\/p><p><a href=\"https:\/\/bod.ujep.cz\/?page_id=1567\"><span style=\"text-decoration: underline;\"><strong>Aktu\u00e1ln\u00ed seznam kurz\u016f najdete zde.<\/strong><\/span><\/a><\/p>\t\t\t\t\t\t\t\t<\/div>\n\t\t\t\t<\/div>\n\t\t\t\t<div class=\"elementor-element elementor-element-d90e07e elementor-widget elementor-widget-spacer\" data-id=\"d90e07e\" data-element_type=\"widget\" data-widget_type=\"spacer.default\">\n\t\t\t\t<div class=\"elementor-widget-container\">\n\t\t\t\t\t\t\t<div class=\"elementor-spacer\">\n\t\t\t<div class=\"elementor-spacer-inner\"><\/div>\n\t\t<\/div>\n\t\t\t\t\t\t<\/div>\n\t\t\t\t<\/div>\n\t\t\t\t<div class=\"elementor-element elementor-element-7947cfe elementor-widget elementor-widget-heading\" data-id=\"7947cfe\" data-element_type=\"widget\" data-widget_type=\"heading.default\">\n\t\t\t\t<div class=\"elementor-widget-container\">\n\t\t\t\t\t<h2 class=\"elementor-heading-title elementor-size-default\">Kulat\u00e9 stoly<\/h2>\t\t\t\t<\/div>\n\t\t\t\t<\/div>\n\t\t\t\t<div class=\"elementor-element elementor-element-7b80350 elementor-widget__width-initial elementor-widget elementor-widget-text-editor\" data-id=\"7b80350\" data-element_type=\"widget\" data-widget_type=\"text-editor.default\">\n\t\t\t\t<div class=\"elementor-widget-container\">\n\t\t\t\t\t\t\t\t\t<p>V\u00a0r\u00e1mci s\u00e9rie osmi kulat\u00fdch stol\u016f organizovan\u00fdch na p\u016fd\u011b univerzity i\u00a0mimo ni, otev\u00edr\u00e1me ot\u00e1zky a\u00a0t\u00e9mata spojen\u00e1 s\u00a0rozvojem kultury a\u00a0kreativity u\u00a0n\u00e1s. Tyto diskuse, za \u00fa\u010dasti akademik\u016f, samospr\u00e1v a\u00a0odborn\u00edk\u016f, podpo\u0159\u00ed informovanost a\u00a0s\u00ed\u0165ov\u00e1n\u00ed v\u00a0dan\u00e9 oblasti.<\/p><p>\u00a0<\/p><p>Doposud jsme organizovali:<\/p><p>\u00a0<\/p><p><strong><span style=\"text-decoration: underline;\"><a href=\"https:\/\/bod.ujep.cz\/?p=1327\">Kulat\u00fd st\u016fl #1<\/a><\/span><\/strong><br \/><strong><span style=\"text-decoration: underline;\">Profesn\u00ed praxe: V\u00fdzvy a p\u0159\u00edle\u017eitosti ve vzd\u011bl\u00e1v\u00e1n\u00ed <\/span><\/strong><\/p><p>\u00a0<\/p><p><strong><span style=\"text-decoration: underline;\"><a href=\"https:\/\/bod.ujep.cz\/?p=1531\">Kulat\u00fd st\u016fl #2<\/a><\/span><\/strong><br \/><strong><span style=\"text-decoration: underline;\">BOD.RUR: Den podpory kulturn\u00edch a kreativn\u00edch odv\u011btv\u00ed<\/span><\/strong><\/p><p>\u00a0<\/p><p><span style=\"text-decoration: underline;\"><strong><a href=\"https:\/\/bod.ujep.cz\/?p=2532\">Kulat\u00fd st\u016fl #3<\/a><br \/>Kulat\u00fd st\u016fl akt\u00e9r\u016f KKO v \u00dasteck\u00e9m kraji<\/strong><\/span><\/p><p>\u00a0<\/p><p><strong><span style=\"text-decoration: underline;\"><a href=\"https:\/\/bod.ujep.cz\/?p=2635\">Kulat\u00fd st\u016fl #4<\/a><\/span><\/strong><br \/><strong><span style=\"text-decoration: underline;\">Sou\u010dasn\u00e9 v\u00fdzvy textiln\u00edho pr\u016fmyslu v \u00dasteck\u00e9m kraji a \u010cR<\/span><\/strong><\/p><h1 class=\"elementor-heading-title elementor-size-default\">\u00a0<\/h1>\t\t\t\t\t\t\t\t<\/div>\n\t\t\t\t<\/div>\n\t\t\t\t<div class=\"elementor-element elementor-element-1c4c6db elementor-widget elementor-widget-spacer\" data-id=\"1c4c6db\" data-element_type=\"widget\" data-widget_type=\"spacer.default\">\n\t\t\t\t<div class=\"elementor-widget-container\">\n\t\t\t\t\t\t\t<div class=\"elementor-spacer\">\n\t\t\t<div class=\"elementor-spacer-inner\"><\/div>\n\t\t<\/div>\n\t\t\t\t\t\t<\/div>\n\t\t\t\t<\/div>\n\t\t\t\t<div class=\"elementor-element elementor-element-aecba99 elementor-widget elementor-widget-heading\" data-id=\"aecba99\" data-element_type=\"widget\" data-widget_type=\"heading.default\">\n\t\t\t\t<div class=\"elementor-widget-container\">\n\t\t\t\t\t<h2 class=\"elementor-heading-title elementor-size-default\">Popularizace<\/h2>\t\t\t\t<\/div>\n\t\t\t\t<\/div>\n\t\t\t\t<div class=\"elementor-element elementor-element-8fb79bb elementor-widget__width-initial elementor-widget elementor-widget-text-editor\" data-id=\"8fb79bb\" data-element_type=\"widget\" data-widget_type=\"text-editor.default\">\n\t\t\t\t<div class=\"elementor-widget-container\">\n\t\t\t\t\t\t\t\t\t<p>Aktivita, kter\u00e1 o\u017eivuje tradice a\u00a0ukazuje s\u00edlu kreativity v\u00a0\u00dasteck\u00e9m kraji.<\/p><p>\u00a0<\/p><p><strong><span style=\"text-decoration: underline;\"><a href=\"https:\/\/bod.ujep.cz\/?page_id=113\">Sledujte n\u00e1\u0161 BLOG!<\/a><\/span><\/strong><\/p><p><br style=\"font-weight: 400;\" \/><br style=\"font-weight: 400;\" \/><\/p>\t\t\t\t\t\t\t\t<\/div>\n\t\t\t\t<\/div>\n\t\t\t\t<div class=\"elementor-element elementor-element-7af741a elementor-widget elementor-widget-image\" data-id=\"7af741a\" data-element_type=\"widget\" data-widget_type=\"image.default\">\n\t\t\t\t<div class=\"elementor-widget-container\">\n\t\t\t\t\t\t\t\t\t\t\t\t\t\t\t<img decoding=\"async\" width=\"800\" height=\"541\" src=\"https:\/\/bod.ujep.cz\/wp-content\/uploads\/2025\/01\/P52TLCD0-1024x692.jpg\" class=\"attachment-large size-large wp-image-79\" alt=\"\" srcset=\"https:\/\/bod.ujep.cz\/wp-content\/uploads\/2025\/01\/P52TLCD0-1024x692.jpg 1024w, https:\/\/bod.ujep.cz\/wp-content\/uploads\/2025\/01\/P52TLCD0-300x203.jpg 300w, https:\/\/bod.ujep.cz\/wp-content\/uploads\/2025\/01\/P52TLCD0-768x519.jpg 768w, https:\/\/bod.ujep.cz\/wp-content\/uploads\/2025\/01\/P52TLCD0-1536x1038.jpg 1536w, https:\/\/bod.ujep.cz\/wp-content\/uploads\/2025\/01\/P52TLCD0.jpg 1818w\" sizes=\"(max-width: 800px) 100vw, 800px\" \/>\t\t\t\t\t\t\t\t\t\t\t\t\t\t\t<\/div>\n\t\t\t\t<\/div>\n\t\t\t\t\t<\/div>\n\t\t<\/div>\n\t\t\t\t\t<\/div>\n\t\t<\/section>\n\t\t\t\t<\/div>\n\t\t","protected":false},"excerpt":{"rendered":"<p>BOD.1 CentrumVzd\u011bl\u00e1v\u00e1n\u00edKulat\u00e9 stolyPopularizace Centrum Jsme Centrum v\u00fdzkumu a\u00a0podpory kulturn\u00edch a\u00a0kreativn\u00edch odv\u011btv\u00ed v\u00a0\u00dasteck\u00e9m kraji. Propojujeme akt\u00e9ry, inspirujeme, vzd\u011bl\u00e1v\u00e1me. S\u00eddl\u00edme na Fakult\u011b um\u011bn\u00ed a\u00a0designu, m\u00e1me z\u00e1zem\u00ed v\u00a0univerzitn\u00edm prost\u0159ed\u00ed a\u00a0jsme v\u00a0kontaktu s\u00a0regionem.\u00a0Ukazujeme, \u017ee ka\u017ed\u00fd se m\u016f\u017ee posouvat. Sna\u017e\u00edme se dok\u00e1zat, \u017ee kraj, kde se d\u0159\u00edve t\u011b\u017eilo hn\u011bd\u00e9 uhl\u00ed, m\u016f\u017ee nyn\u00ed t\u011b\u017eit z\u00a0kreativity.\u00a0Udr\u017eujeme kontakt s\u00a0ter\u00e9nem, komunikuje s\u00a0profesion\u00e1ly, kte\u0159\u00ed sami [&hellip;]<\/p>\n","protected":false},"author":2,"featured_media":0,"parent":0,"menu_order":0,"comment_status":"closed","ping_status":"closed","template":"","meta":{"inline_featured_image":false,"footnotes":""},"class_list":["post-101","page","type-page","status-publish","hentry"],"_links":{"self":[{"href":"https:\/\/bod.ujep.cz\/index.php?rest_route=\/wp\/v2\/pages\/101","targetHints":{"allow":["GET"]}}],"collection":[{"href":"https:\/\/bod.ujep.cz\/index.php?rest_route=\/wp\/v2\/pages"}],"about":[{"href":"https:\/\/bod.ujep.cz\/index.php?rest_route=\/wp\/v2\/types\/page"}],"author":[{"embeddable":true,"href":"https:\/\/bod.ujep.cz\/index.php?rest_route=\/wp\/v2\/users\/2"}],"replies":[{"embeddable":true,"href":"https:\/\/bod.ujep.cz\/index.php?rest_route=%2Fwp%2Fv2%2Fcomments&post=101"}],"version-history":[{"count":149,"href":"https:\/\/bod.ujep.cz\/index.php?rest_route=\/wp\/v2\/pages\/101\/revisions"}],"predecessor-version":[{"id":2708,"href":"https:\/\/bod.ujep.cz\/index.php?rest_route=\/wp\/v2\/pages\/101\/revisions\/2708"}],"wp:attachment":[{"href":"https:\/\/bod.ujep.cz\/index.php?rest_route=%2Fwp%2Fv2%2Fmedia&parent=101"}],"curies":[{"name":"wp","href":"https:\/\/api.w.org\/{rel}","templated":true}]}}